{"id":13,"date":"2025-02-04T21:47:39","date_gmt":"2025-02-04T21:47:39","guid":{"rendered":"https:\/\/engage.sinch.com\/homepage\/"},"modified":"2025-02-10T10:00:12","modified_gmt":"2025-02-10T10:00:12","slug":"homepage","status":"publish","type":"page","link":"https:\/\/engage.sinch.com\/de\/","title":{"rendered":"Homepage"},"content":{"rendered":"\r\n  <section class=\"header-block section-py bg-success \" data-theme=\"light\">\r\n    <div class=\"container bg-success\">\r\n\r\n      \r\n      \r\n      <div class=\"row align-items-center\">\r\n\r\n        <div class=\"col-md-6 col-lg-5  order-2 order-md-1\">\r\n\r\n                      <p class=\"text-uppercase section-caption text-body-color\">Sinch Engage<\/p>\r\n          \r\n          <h1 class=\"text-accent mb-0 \">Verwandeln Sie Chats in treue Kunden<\/h1>\r\n\r\n          \r\n          \r\n                      <div class=\"btn-group g-3 mt-3 mt-md-4 row\">\r\n              \r\n    <div class=\"col-auto\">\r\n      <a href=\"https:\/\/appengage.sinch.com\/\" target=\"_blank\" class=\"btn btn-primary btn-lg btn-animated\" >Log In<\/a>\r\n    <\/div>\r\n                <\/div>\r\n          \r\n        <\/div>\r\n\r\n        \r\n          <link rel=\"preload\" as=\"image\" href=\"https:\/\/engage.sinch.com\/wp-content\/uploads\/2025\/02\/SI-Illustration-Engage.png\">\r\n\r\n          <div class=\"col-md-6 col-lg-7 text-end order-1 order-md-2 mb-5 mb-md-0 ps-md-7 ps-lg-10\">\r\n                          <img decoding=\"async\" fetchpriority=\"high\"  width=\"648\" height=\"400\" class=\"skip-lazy img-fluid \" src=\"https:\/\/engage.sinch.com\/wp-content\/uploads\/2025\/02\/SI-Illustration-Engage.png\" alt=\"Image for Verwandeln Sie Chats in treue Kunden\">\r\n                      <\/div>\r\n\r\n        \r\n      <\/div>\r\n\r\n      \r\n      \r\n    <\/div>\r\n  <\/section>\r\n\r\n  \r\n","protected":false},"excerpt":{"rendered":"","protected":false},"author":2,"featured_media":0,"parent":0,"menu_order":0,"comment_status":"closed","ping_status":"closed","template":"","meta":{"_acf_changed":true,"footnotes":""},"class_list":["post-13","page","type-page","status-publish","hentry"],"acf":[],"yoast_head":"<!-- This site is optimized with the Yoast SEO plugin v25.9 - https:\/\/yoast.com\/wordpress\/plugins\/seo\/ -->\n<title>Sinch Engage \u2022 Ihre All-in-One-Plattform zur professionellen Nutzung von WhatsApp und anderen Messenger Apps f\u00fcr Marketing, Vertrieb und Kundenservice<\/title>\n<meta name=\"description\" content=\"Einfach und professionell: Sinch Engage ist die All-in-One-Plattform f\u00fcr Unternehmen, um WhatsApp, Instagram, Meta Messenger und viele weitere Messenger Apps f\u00fcr Marketing, Vertrieb und Kundenservice zu nutzen. Erh\u00f6hen Sie die Conversions und verbessern Sie das Kundenerlebnis, w\u00e4hrend Sie gleichzeitig die Servicekosten senken.\" \/>\n<meta name=\"robots\" content=\"index, follow, max-snippet:-1, max-image-preview:large, max-video-preview:-1\" \/>\n<link rel=\"canonical\" href=\"https:\/\/engage.sinch.com\/de\/\" \/>\n<meta property=\"og:locale\" content=\"de_DE\" \/>\n<meta property=\"og:type\" content=\"article\" \/>\n<meta property=\"og:title\" content=\"Sinch Engage \u2022 Ihre All-in-One-Plattform zur professionellen Nutzung von WhatsApp und anderen Messenger Apps f\u00fcr Marketing, Vertrieb und Kundenservice\" \/>\n<meta property=\"og:description\" content=\"Einfach und professionell: Sinch Engage ist die All-in-One-Plattform f\u00fcr Unternehmen, um WhatsApp, Instagram, Meta Messenger und viele weitere Messenger Apps f\u00fcr Marketing, Vertrieb und Kundenservice zu nutzen. Erh\u00f6hen Sie die Conversions und verbessern Sie das Kundenerlebnis, w\u00e4hrend Sie gleichzeitig die Servicekosten senken.\" \/>\n<meta property=\"og:url\" content=\"https:\/\/engage.sinch.com\/de\/\" \/>\n<meta property=\"og:site_name\" content=\"Sinch Engage\" \/>\n<meta property=\"article:publisher\" content=\"https:\/\/www.facebook.com\/wearesinch\/\" \/>\n<meta property=\"article:modified_time\" content=\"2025-02-10T10:00:12+00:00\" \/>\n<meta name=\"twitter:card\" content=\"summary_large_image\" \/>\n<meta name=\"twitter:site\" content=\"@WeAreSinch\" \/>\n<script type=\"application\/ld+json\" class=\"yoast-schema-graph\">{\"@context\":\"https:\/\/schema.org\",\"@graph\":[{\"@type\":\"WebPage\",\"@id\":\"https:\/\/engage.sinch.com\/de\/\",\"url\":\"https:\/\/engage.sinch.com\/de\/\",\"name\":\"Sinch Engage \u2022 Ihre All-in-One-Plattform zur professionellen Nutzung von WhatsApp und anderen Messenger Apps f\u00fcr Marketing, Vertrieb und Kundenservice\",\"isPartOf\":{\"@id\":\"https:\/\/engage.sinch.com\/de\/#website\"},\"datePublished\":\"2025-02-04T21:47:39+00:00\",\"dateModified\":\"2025-02-10T10:00:12+00:00\",\"description\":\"Einfach und professionell: Sinch Engage ist die All-in-One-Plattform f\u00fcr Unternehmen, um WhatsApp, Instagram, Meta Messenger und viele weitere Messenger Apps f\u00fcr Marketing, Vertrieb und Kundenservice zu nutzen. Erh\u00f6hen Sie die Conversions und verbessern Sie das Kundenerlebnis, w\u00e4hrend Sie gleichzeitig die Servicekosten senken.\",\"breadcrumb\":{\"@id\":\"https:\/\/engage.sinch.com\/de\/#breadcrumb\"},\"inLanguage\":\"de\",\"potentialAction\":[{\"@type\":\"ReadAction\",\"target\":[\"https:\/\/engage.sinch.com\/de\/\"]}]},{\"@type\":\"BreadcrumbList\",\"@id\":\"https:\/\/engage.sinch.com\/de\/#breadcrumb\",\"itemListElement\":[{\"@type\":\"ListItem\",\"position\":1,\"name\":\"Home\",\"item\":\"https:\/\/engage.sinch.com\/de\/\"},{\"@type\":\"ListItem\",\"position\":2,\"name\":\"Homepage\"}]},{\"@type\":\"WebSite\",\"@id\":\"https:\/\/engage.sinch.com\/de\/#website\",\"url\":\"https:\/\/engage.sinch.com\/de\/\",\"name\":\"Sinch Engage\",\"description\":\"Leverage messaging apps for marketing, sales, and customer service\",\"publisher\":{\"@id\":\"https:\/\/engage.sinch.com\/de\/#organization\"},\"potentialAction\":[{\"@type\":\"SearchAction\",\"target\":{\"@type\":\"EntryPoint\",\"urlTemplate\":\"https:\/\/engage.sinch.com\/de\/?s={search_term_string}\"},\"query-input\":{\"@type\":\"PropertyValueSpecification\",\"valueRequired\":true,\"valueName\":\"search_term_string\"}}],\"inLanguage\":\"de\"},{\"@type\":\"Organization\",\"@id\":\"https:\/\/engage.sinch.com\/de\/#organization\",\"name\":\"Sinch Engage\",\"url\":\"https:\/\/engage.sinch.com\/de\/\",\"logo\":{\"@type\":\"ImageObject\",\"inLanguage\":\"de\",\"@id\":\"https:\/\/engage.sinch.com\/de\/#\/schema\/logo\/image\/\",\"url\":\"https:\/\/engage.sinch.com\/wp-content\/uploads\/2025\/02\/logo-sinch.svg\",\"contentUrl\":\"https:\/\/engage.sinch.com\/wp-content\/uploads\/2025\/02\/logo-sinch.svg\",\"width\":1,\"height\":1,\"caption\":\"Sinch Engage\"},\"image\":{\"@id\":\"https:\/\/engage.sinch.com\/de\/#\/schema\/logo\/image\/\"},\"sameAs\":[\"https:\/\/www.facebook.com\/wearesinch\/\",\"https:\/\/x.com\/WeAreSinch\",\"https:\/\/www.instagram.com\/wearesinch\/\"]}]}<\/script>\n<!-- \/ Yoast SEO plugin. -->","yoast_head_json":{"title":"Sinch Engage \u2022 Ihre All-in-One-Plattform zur professionellen Nutzung von WhatsApp und anderen Messenger Apps f\u00fcr Marketing, Vertrieb und Kundenservice","description":"Einfach und professionell: Sinch Engage ist die All-in-One-Plattform f\u00fcr Unternehmen, um WhatsApp, Instagram, Meta Messenger und viele weitere Messenger Apps f\u00fcr Marketing, Vertrieb und Kundenservice zu nutzen. Erh\u00f6hen Sie die Conversions und verbessern Sie das Kundenerlebnis, w\u00e4hrend Sie gleichzeitig die Servicekosten senken.","robots":{"index":"index","follow":"follow","max-snippet":"max-snippet:-1","max-image-preview":"max-image-preview:large","max-video-preview":"max-video-preview:-1"},"canonical":"https:\/\/engage.sinch.com\/de\/","og_locale":"de_DE","og_type":"article","og_title":"Sinch Engage \u2022 Ihre All-in-One-Plattform zur professionellen Nutzung von WhatsApp und anderen Messenger Apps f\u00fcr Marketing, Vertrieb und Kundenservice","og_description":"Einfach und professionell: Sinch Engage ist die All-in-One-Plattform f\u00fcr Unternehmen, um WhatsApp, Instagram, Meta Messenger und viele weitere Messenger Apps f\u00fcr Marketing, Vertrieb und Kundenservice zu nutzen. Erh\u00f6hen Sie die Conversions und verbessern Sie das Kundenerlebnis, w\u00e4hrend Sie gleichzeitig die Servicekosten senken.","og_url":"https:\/\/engage.sinch.com\/de\/","og_site_name":"Sinch Engage","article_publisher":"https:\/\/www.facebook.com\/wearesinch\/","article_modified_time":"2025-02-10T10:00:12+00:00","twitter_card":"summary_large_image","twitter_site":"@WeAreSinch","schema":{"@context":"https:\/\/schema.org","@graph":[{"@type":"WebPage","@id":"https:\/\/engage.sinch.com\/de\/","url":"https:\/\/engage.sinch.com\/de\/","name":"Sinch Engage \u2022 Ihre All-in-One-Plattform zur professionellen Nutzung von WhatsApp und anderen Messenger Apps f\u00fcr Marketing, Vertrieb und Kundenservice","isPartOf":{"@id":"https:\/\/engage.sinch.com\/de\/#website"},"datePublished":"2025-02-04T21:47:39+00:00","dateModified":"2025-02-10T10:00:12+00:00","description":"Einfach und professionell: Sinch Engage ist die All-in-One-Plattform f\u00fcr Unternehmen, um WhatsApp, Instagram, Meta Messenger und viele weitere Messenger Apps f\u00fcr Marketing, Vertrieb und Kundenservice zu nutzen. Erh\u00f6hen Sie die Conversions und verbessern Sie das Kundenerlebnis, w\u00e4hrend Sie gleichzeitig die Servicekosten senken.","breadcrumb":{"@id":"https:\/\/engage.sinch.com\/de\/#breadcrumb"},"inLanguage":"de","potentialAction":[{"@type":"ReadAction","target":["https:\/\/engage.sinch.com\/de\/"]}]},{"@type":"BreadcrumbList","@id":"https:\/\/engage.sinch.com\/de\/#breadcrumb","itemListElement":[{"@type":"ListItem","position":1,"name":"Home","item":"https:\/\/engage.sinch.com\/de\/"},{"@type":"ListItem","position":2,"name":"Homepage"}]},{"@type":"WebSite","@id":"https:\/\/engage.sinch.com\/de\/#website","url":"https:\/\/engage.sinch.com\/de\/","name":"Sinch Engage","description":"Leverage messaging apps for marketing, sales, and customer service","publisher":{"@id":"https:\/\/engage.sinch.com\/de\/#organization"},"potentialAction":[{"@type":"SearchAction","target":{"@type":"EntryPoint","urlTemplate":"https:\/\/engage.sinch.com\/de\/?s={search_term_string}"},"query-input":{"@type":"PropertyValueSpecification","valueRequired":true,"valueName":"search_term_string"}}],"inLanguage":"de"},{"@type":"Organization","@id":"https:\/\/engage.sinch.com\/de\/#organization","name":"Sinch Engage","url":"https:\/\/engage.sinch.com\/de\/","logo":{"@type":"ImageObject","inLanguage":"de","@id":"https:\/\/engage.sinch.com\/de\/#\/schema\/logo\/image\/","url":"https:\/\/engage.sinch.com\/wp-content\/uploads\/2025\/02\/logo-sinch.svg","contentUrl":"https:\/\/engage.sinch.com\/wp-content\/uploads\/2025\/02\/logo-sinch.svg","width":1,"height":1,"caption":"Sinch Engage"},"image":{"@id":"https:\/\/engage.sinch.com\/de\/#\/schema\/logo\/image\/"},"sameAs":["https:\/\/www.facebook.com\/wearesinch\/","https:\/\/x.com\/WeAreSinch","https:\/\/www.instagram.com\/wearesinch\/"]}]}},"_links":{"self":[{"href":"https:\/\/engage.sinch.com\/de\/wp-json\/wp\/v2\/pages\/13","targetHints":{"allow":["GET"]}}],"collection":[{"href":"https:\/\/engage.sinch.com\/de\/wp-json\/wp\/v2\/pages"}],"about":[{"href":"https:\/\/engage.sinch.com\/de\/wp-json\/wp\/v2\/types\/page"}],"author":[{"embeddable":true,"href":"https:\/\/engage.sinch.com\/de\/wp-json\/wp\/v2\/users\/2"}],"replies":[{"embeddable":true,"href":"https:\/\/engage.sinch.com\/de\/wp-json\/wp\/v2\/comments?post=13"}],"version-history":[{"count":0,"href":"https:\/\/engage.sinch.com\/de\/wp-json\/wp\/v2\/pages\/13\/revisions"}],"wp:attachment":[{"href":"https:\/\/engage.sinch.com\/de\/wp-json\/wp\/v2\/media?parent=13"}],"curies":[{"name":"wp","href":"https:\/\/api.w.org\/{rel}","templated":true}]}}